{"id":1160,"date":"2025-05-21T14:50:23","date_gmt":"2025-05-21T14:50:23","guid":{"rendered":"https:\/\/npschmuckwerk.de\/?post_type=product&#038;p=1160"},"modified":"2025-07-24T10:50:16","modified_gmt":"2025-07-24T10:50:16","slug":"gelbgold-navette-aufgefasst-mit-37-naturfarbenen-brillanten-gelb-beigetoene","status":"publish","type":"product","link":"https:\/\/npschmuckwerk.de\/en\/product\/gelbgold-navette-aufgefasst-mit-37-naturfarbenen-brillanten-gelb-beigetoene\/","title":{"rendered":"Gelbgold Navette &#8211; aufgefasst mit 37 naturfarbenen Brillanten Gelb\/Beiget\u00f6ne"},"content":{"rendered":"<p><strong>Gelbgold-Navette-Anh\u00e4nger mit 37 naturfarbenen Brillanten<\/strong><\/p>\n<p>Dieser exklusive Navette-Anh\u00e4nger aus 585er Gelbgold ist mit 37 naturfarbenen Brillanten in warmen Gelb- und Beiget\u00f6nen besetzt \u2013 insgesamt ca. 0,27 ct. Die feine Fassung bringt das Farbspiel der Brillanten hervorragend zur Geltung und unterstreicht die elegante, l\u00e4ngliche Navette-Form. Ein luxuri\u00f6ses Schmuckst\u00fcck mit dezentem Funkeln und nat\u00fcrlicher Ausstrahlung.<\/p>\n<ul>\n<li><strong>Material:<\/strong> 585 Gelbgold<\/li>\n<li><strong>Steinbesatz:<\/strong> 37 naturfarbene Brillanten (Gelb-\/Beiget\u00f6ne) gesamt 0,27 ct<\/li>\n<li><strong>Ma\u00dfe:<\/strong> 27,4 \u00d7 10,15 mm<\/li>\n<li><strong>Gewicht:<\/strong> 1,32 g<\/li>\n<li><strong>Preis:<\/strong> 1.100,00 \u20ac<\/li>\n<\/ul>\n<p>In meisterhafter Handarbeit gefertigt \u2013 ein edler Anh\u00e4nger f\u00fcr besondere Anl\u00e4sse oder dezente Alltagsluxus-Momente.<\/p>","protected":false},"excerpt":{"rendered":"<p>Gelbgold-Navette mit 37 naturfarbenen Brillanten \u2013 edel, funkelnd und handgefertigt.<\/p>","protected":false},"featured_media":891,"comment_status":"closed","ping_status":"closed","template":"","meta":[],"product_brand":[],"product_cat":[39,40,74,75],"product_tag":[],"class_list":{"0":"post-1160","1":"product","2":"type-product","3":"status-publish","4":"has-post-thumbnail","6":"product_cat-halsschmuck","7":"product_cat-anhaenger","8":"product_cat-verkauf-nach-absprache","9":"product_cat-kv","11":"first","12":"instock","13":"virtual","14":"taxable","15":"purchasable","16":"product-type-simple"},"_links":{"self":[{"href":"https:\/\/npschmuckwerk.de\/en\/wp-json\/wp\/v2\/product\/1160","targetHints":{"allow":["GET"]}}],"collection":[{"href":"https:\/\/npschmuckwerk.de\/en\/wp-json\/wp\/v2\/product"}],"about":[{"href":"https:\/\/npschmuckwerk.de\/en\/wp-json\/wp\/v2\/types\/product"}],"replies":[{"embeddable":true,"href":"https:\/\/npschmuckwerk.de\/en\/wp-json\/wp\/v2\/comments?post=1160"}],"wp:featuredmedia":[{"embeddable":true,"href":"https:\/\/npschmuckwerk.de\/en\/wp-json\/wp\/v2\/media\/891"}],"wp:attachment":[{"href":"https:\/\/npschmuckwerk.de\/en\/wp-json\/wp\/v2\/media?parent=1160"}],"wp:term":[{"taxonomy":"product_brand","embeddable":true,"href":"https:\/\/npschmuckwerk.de\/en\/wp-json\/wp\/v2\/product_brand?post=1160"},{"taxonomy":"product_cat","embeddable":true,"href":"https:\/\/npschmuckwerk.de\/en\/wp-json\/wp\/v2\/product_cat?post=1160"},{"taxonomy":"product_tag","embeddable":true,"href":"https:\/\/npschmuckwerk.de\/en\/wp-json\/wp\/v2\/product_tag?post=1160"}],"curies":[{"name":"wp","href":"https:\/\/api.w.org\/{rel}","templated":true}]}}