{"id":1159,"date":"2025-05-21T14:50:23","date_gmt":"2025-05-21T14:50:23","guid":{"rendered":"https:\/\/npschmuckwerk.de\/?post_type=product&#038;p=1159"},"modified":"2025-07-24T10:50:20","modified_gmt":"2025-07-24T10:50:20","slug":"gelbgoldanhaenger-mit-labradorith-cabouchon","status":"publish","type":"product","link":"https:\/\/npschmuckwerk.de\/en\/product\/gelbgoldanhaenger-mit-labradorith-cabouchon\/","title":{"rendered":"UNIKAT Gelbgoldanh\u00e4nger mit Labradorith Cabouchon"},"content":{"rendered":"<p><strong>UNIKAT Gelbgold-Anh\u00e4nger mit Labradorith-Cabochon<\/strong><\/p>\n<p>Dieser elegante Anh\u00e4nger besticht durch seinen runden Labradorith-Cabochon, der je nach Lichteinfall in geheimnisvollen Blau- und Graut\u00f6nen schimmert. Eingefasst in hochwertiges 585er Gelbgold entsteht ein edler Kontrast zwischen dem k\u00fchlen Glanz des Steins und dem warmen Ton des Goldes. Ein zeitloser Blickfang \u2013 ideal f\u00fcr feine Goldketten oder Seidenb\u00e4nder.<\/p>\n<ul>\n<li><strong>Material:<\/strong> 585 Gelbgold<\/li>\n<li><strong>Ma\u00dfe:<\/strong> Durchmesser 16,8 mm<\/li>\n<li><strong>Gewicht:<\/strong> 4,11 g<\/li>\n<li><strong>Preis:<\/strong> 329,00 \u20ac<\/li>\n<\/ul>\n<p>In sorgf\u00e4ltiger Handarbeit gefertigt \u2013 ein stilvoller Unikat-Anh\u00e4nger mit nat\u00fcrlichem Schimmer.<\/p>","protected":false},"excerpt":{"rendered":"<p>Gelbgold-Anh\u00e4nger mit schimmerndem Labradorith-Cabochon \u2013 edel, rund und handgefertigt.<\/p>","protected":false},"featured_media":890,"comment_status":"closed","ping_status":"closed","template":"","meta":[],"product_brand":[],"product_cat":[39,40,74,75,38],"product_tag":[],"class_list":{"0":"post-1159","1":"product","2":"type-product","3":"status-publish","4":"has-post-thumbnail","6":"product_cat-halsschmuck","7":"product_cat-anhaenger","8":"product_cat-verkauf-nach-absprache","9":"product_cat-kv","10":"product_cat-unikate","12":"first","13":"instock","14":"virtual","15":"taxable","16":"purchasable","17":"product-type-simple"},"_links":{"self":[{"href":"https:\/\/npschmuckwerk.de\/en\/wp-json\/wp\/v2\/product\/1159","targetHints":{"allow":["GET"]}}],"collection":[{"href":"https:\/\/npschmuckwerk.de\/en\/wp-json\/wp\/v2\/product"}],"about":[{"href":"https:\/\/npschmuckwerk.de\/en\/wp-json\/wp\/v2\/types\/product"}],"replies":[{"embeddable":true,"href":"https:\/\/npschmuckwerk.de\/en\/wp-json\/wp\/v2\/comments?post=1159"}],"wp:featuredmedia":[{"embeddable":true,"href":"https:\/\/npschmuckwerk.de\/en\/wp-json\/wp\/v2\/media\/890"}],"wp:attachment":[{"href":"https:\/\/npschmuckwerk.de\/en\/wp-json\/wp\/v2\/media?parent=1159"}],"wp:term":[{"taxonomy":"product_brand","embeddable":true,"href":"https:\/\/npschmuckwerk.de\/en\/wp-json\/wp\/v2\/product_brand?post=1159"},{"taxonomy":"product_cat","embeddable":true,"href":"https:\/\/npschmuckwerk.de\/en\/wp-json\/wp\/v2\/product_cat?post=1159"},{"taxonomy":"product_tag","embeddable":true,"href":"https:\/\/npschmuckwerk.de\/en\/wp-json\/wp\/v2\/product_tag?post=1159"}],"curies":[{"name":"wp","href":"https:\/\/api.w.org\/{rel}","templated":true}]}}