{"id":1158,"date":"2025-05-21T14:50:23","date_gmt":"2025-05-21T14:50:23","guid":{"rendered":"https:\/\/npschmuckwerk.de\/?post_type=product&#038;p=1158"},"modified":"2025-07-24T10:50:18","modified_gmt":"2025-07-24T10:50:18","slug":"gelbgold-ohrstecker-abnehmbare-labradorith-pampeln","status":"publish","type":"product","link":"https:\/\/npschmuckwerk.de\/en\/product\/gelbgold-ohrstecker-abnehmbare-labradorith-pampeln\/","title":{"rendered":"Gelbgold Ohrstecker &#8211; abnehmbare Labradorith Pampeln"},"content":{"rendered":"<p><strong>Gelbgold-Ohrstecker mit abnehmbaren Labradorith-Pampeln<\/strong><\/p>\n<p>Diese raffinierten Ohrstecker vereinen luxuri\u00f6ses 585er Gelbgold mit mystisch schimmerndem Labradorith. Die abnehmbaren Pampeln sind mit Goldk\u00e4ppchen versehen und kunstvoll mit Silberdraht gewickelt \u2013 ein harmonisches Zusammenspiel aus Struktur, Farbe und Flexibilit\u00e4t. Die Ohrstecker k\u00f6nnen sowohl mit als auch ohne Einh\u00e4nger getragen werden und bieten so stilvolle Wandlungsf\u00e4higkeit.<\/p>\n<ul>\n<li><strong>Material:<\/strong> 585 Gelbgold, 925 Silber, Labradorith<\/li>\n<li><strong>Ma\u00dfe:<\/strong> Einh\u00e4nger 23,1 \u00d7 8,15 mm, Ohrstecker 26,1 \u00d7 10,1 mm<\/li>\n<li><strong>Gewicht:<\/strong> Gesamt 5,41 g (Ohrstecker 1,91 g)<\/li>\n<li><strong>Preis:<\/strong> Ohrstecker 390,00 \u20ac, Einh\u00e4nger 199,00 \u20ac (Gesamt: 589,00 \u20ac)<\/li>\n<\/ul>\n<p>Jedes Paar wird in aufwendiger Handarbeit gefertigt \u2013 ein wandelbares Unikat mit stilvoller Ausstrahlung.<\/p>","protected":false},"excerpt":{"rendered":"<p>Gelbgold-Ohrstecker mit abnehmbaren Labradorith-Pampeln \u2013 wandelbar, edel und handgefertigt.<\/p>","protected":false},"featured_media":889,"comment_status":"open","ping_status":"closed","template":"","meta":[],"product_brand":[],"product_cat":[35,36,74,75],"product_tag":[],"class_list":{"0":"post-1158","1":"product","2":"type-product","3":"status-publish","4":"has-post-thumbnail","6":"product_cat-ohrschmuck","7":"product_cat-ohrstecker","8":"product_cat-verkauf-nach-absprache","9":"product_cat-kv","11":"first","12":"instock","13":"virtual","14":"taxable","15":"purchasable","16":"product-type-simple"},"_links":{"self":[{"href":"https:\/\/npschmuckwerk.de\/en\/wp-json\/wp\/v2\/product\/1158","targetHints":{"allow":["GET"]}}],"collection":[{"href":"https:\/\/npschmuckwerk.de\/en\/wp-json\/wp\/v2\/product"}],"about":[{"href":"https:\/\/npschmuckwerk.de\/en\/wp-json\/wp\/v2\/types\/product"}],"replies":[{"embeddable":true,"href":"https:\/\/npschmuckwerk.de\/en\/wp-json\/wp\/v2\/comments?post=1158"}],"wp:featuredmedia":[{"embeddable":true,"href":"https:\/\/npschmuckwerk.de\/en\/wp-json\/wp\/v2\/media\/889"}],"wp:attachment":[{"href":"https:\/\/npschmuckwerk.de\/en\/wp-json\/wp\/v2\/media?parent=1158"}],"wp:term":[{"taxonomy":"product_brand","embeddable":true,"href":"https:\/\/npschmuckwerk.de\/en\/wp-json\/wp\/v2\/product_brand?post=1158"},{"taxonomy":"product_cat","embeddable":true,"href":"https:\/\/npschmuckwerk.de\/en\/wp-json\/wp\/v2\/product_cat?post=1158"},{"taxonomy":"product_tag","embeddable":true,"href":"https:\/\/npschmuckwerk.de\/en\/wp-json\/wp\/v2\/product_tag?post=1158"}],"curies":[{"name":"wp","href":"https:\/\/api.w.org\/{rel}","templated":true}]}}