{"id":1156,"date":"2025-05-21T14:50:22","date_gmt":"2025-05-21T14:50:22","guid":{"rendered":"https:\/\/npschmuckwerk.de\/?post_type=product&#038;p=1156"},"modified":"2025-07-24T10:50:16","modified_gmt":"2025-07-24T10:50:16","slug":"weiss-rosegoldhaenger-mit-rauchquarz-und-sw-perlentropfen","status":"publish","type":"product","link":"https:\/\/npschmuckwerk.de\/en\/product\/weiss-rosegoldhaenger-mit-rauchquarz-und-sw-perlentropfen\/","title":{"rendered":"Wei\u00df &#8211; ros\u00e9goldh\u00e4nger mit Rauchquarz und SW Perlentropfen"},"content":{"rendered":"<p><strong>Unikat: Wei\u00df- und Ros\u00e9gold-Ohrh\u00e4nger mit Rauchquarz und S\u00fc\u00dfwasserperlentropfen<\/strong><\/p>\n<p>Diese edlen Ohrh\u00e4nger kombinieren 585er Wei\u00df- und Ros\u00e9gold in einem harmonischen Bicolor-Design. In der Fassung sitzt ein facettierter Rauchquarz mit sanftem Glanz, der durch einen gro\u00dfz\u00fcgigen, tropfenf\u00f6rmigen Anh\u00e4nger aus S\u00fc\u00dfwasserperle stilvoll erg\u00e4nzt wird. Die zarten Goldt\u00f6ne unterstreichen die warme Eleganz dieses Unikats \u2013 ein Schmuckst\u00fcck f\u00fcr besondere Anl\u00e4sse.<\/p>\n<ul>\n<li><strong>Material:<\/strong> 585 Wei\u00df- und Ros\u00e9gold<\/li>\n<li><strong>Ma\u00dfe:<\/strong> Gesamtl\u00e4nge 40 mm, Rauchquarzfassung 7,6 mm, Perle 15,8 \u00d7 10,3 mm<\/li>\n<li><strong>Preis:<\/strong> 925,00 \u20ac<\/li>\n<\/ul>\n<p>In feinster Handarbeit gefertigt \u2013 dieses Unikat \u00fcberzeugt durch seine ausdrucksstarke Eleganz und edlen Materialkontraste.<\/p>","protected":false},"excerpt":{"rendered":"<p>Ohrh\u00e4nger aus Wei\u00df- und Ros\u00e9gold mit Rauchquarz und S\u00fc\u00dfwasserperle \u2013 edel, einzigartig, handgefertigt.<\/p>","protected":false},"featured_media":2029,"comment_status":"closed","ping_status":"closed","template":"","meta":[],"product_brand":[],"product_cat":[37,38,74,75,35],"product_tag":[],"class_list":{"0":"post-1156","1":"product","2":"type-product","3":"status-publish","4":"has-post-thumbnail","6":"product_cat-ohrhaenger","7":"product_cat-unikate","8":"product_cat-verkauf-nach-absprache","9":"product_cat-kv","10":"product_cat-ohrschmuck","12":"first","13":"instock","14":"virtual","15":"taxable","16":"purchasable","17":"product-type-simple"},"_links":{"self":[{"href":"https:\/\/npschmuckwerk.de\/en\/wp-json\/wp\/v2\/product\/1156","targetHints":{"allow":["GET"]}}],"collection":[{"href":"https:\/\/npschmuckwerk.de\/en\/wp-json\/wp\/v2\/product"}],"about":[{"href":"https:\/\/npschmuckwerk.de\/en\/wp-json\/wp\/v2\/types\/product"}],"replies":[{"embeddable":true,"href":"https:\/\/npschmuckwerk.de\/en\/wp-json\/wp\/v2\/comments?post=1156"}],"wp:featuredmedia":[{"embeddable":true,"href":"https:\/\/npschmuckwerk.de\/en\/wp-json\/wp\/v2\/media\/2029"}],"wp:attachment":[{"href":"https:\/\/npschmuckwerk.de\/en\/wp-json\/wp\/v2\/media?parent=1156"}],"wp:term":[{"taxonomy":"product_brand","embeddable":true,"href":"https:\/\/npschmuckwerk.de\/en\/wp-json\/wp\/v2\/product_brand?post=1156"},{"taxonomy":"product_cat","embeddable":true,"href":"https:\/\/npschmuckwerk.de\/en\/wp-json\/wp\/v2\/product_cat?post=1156"},{"taxonomy":"product_tag","embeddable":true,"href":"https:\/\/npschmuckwerk.de\/en\/wp-json\/wp\/v2\/product_tag?post=1156"}],"curies":[{"name":"wp","href":"https:\/\/api.w.org\/{rel}","templated":true}]}}