{"id":1149,"date":"2025-05-21T14:50:13","date_gmt":"2025-05-21T14:50:13","guid":{"rendered":"https:\/\/npschmuckwerk.de\/?post_type=product&#038;p=1149"},"modified":"2025-07-24T10:48:54","modified_gmt":"2025-07-24T10:48:54","slug":"silberhaenger-mit-gravierter-jadepampel","status":"publish","type":"product","link":"https:\/\/npschmuckwerk.de\/en\/product\/silberhaenger-mit-gravierter-jadepampel\/","title":{"rendered":"Silberh\u00e4nger mit gravierter Jadepampel"},"content":{"rendered":"<p><strong>Silber-Ohrh\u00e4nger mit gravierter Jadepampel<\/strong><\/p>\n<p>Diese stilvollen Ohrh\u00e4nger bringen die nat\u00fcrliche Sch\u00f6nheit von Jade mit einer kunstvollen Gravur zur Geltung. Die zart gr\u00fcne Pampel ist von Hand graviert und in schlichtem 925er Silber gefasst \u2013 eine Kombination, die Ruhe, Eleganz und handwerkliche Pr\u00e4zision ausstrahlt.<\/p>\n<ul>\n<li><strong>Material:<\/strong> 925 Silber<\/li>\n<li><strong>Ma\u00dfe:<\/strong> Gesamtl\u00e4nge 26,3 mm, Pampel 14 \u00d7 8 mm<\/li>\n<li><strong>Gewicht:<\/strong> 3,33 g<\/li>\n<li><strong>Preis:<\/strong> 160,00 \u20ac<\/li>\n<\/ul>\n<p>Jedes Paar wird in sorgf\u00e4ltiger Handarbeit gefertigt \u2013 f\u00fcr ein individuelles Schmuckst\u00fcck mit nat\u00fcrlichem Ausdruck.<\/p>","protected":false},"excerpt":{"rendered":"<p>Ohrh\u00e4nger mit gravierter Jadepampel in 925er Silber \u2013 nat\u00fcrlich, kunstvoll und handgefertigt.<\/p>","protected":false},"featured_media":881,"comment_status":"closed","ping_status":"closed","template":"","meta":[],"product_brand":[],"product_cat":[35,37,73],"product_tag":[],"class_list":{"0":"post-1149","1":"product","2":"type-product","3":"status-publish","4":"has-post-thumbnail","6":"product_cat-ohrschmuck","7":"product_cat-ohrhaenger","8":"product_cat-direktverkauf","10":"first","11":"instock","12":"taxable","13":"shipping-taxable","14":"purchasable","15":"product-type-simple"},"_links":{"self":[{"href":"https:\/\/npschmuckwerk.de\/en\/wp-json\/wp\/v2\/product\/1149","targetHints":{"allow":["GET"]}}],"collection":[{"href":"https:\/\/npschmuckwerk.de\/en\/wp-json\/wp\/v2\/product"}],"about":[{"href":"https:\/\/npschmuckwerk.de\/en\/wp-json\/wp\/v2\/types\/product"}],"replies":[{"embeddable":true,"href":"https:\/\/npschmuckwerk.de\/en\/wp-json\/wp\/v2\/comments?post=1149"}],"wp:featuredmedia":[{"embeddable":true,"href":"https:\/\/npschmuckwerk.de\/en\/wp-json\/wp\/v2\/media\/881"}],"wp:attachment":[{"href":"https:\/\/npschmuckwerk.de\/en\/wp-json\/wp\/v2\/media?parent=1149"}],"wp:term":[{"taxonomy":"product_brand","embeddable":true,"href":"https:\/\/npschmuckwerk.de\/en\/wp-json\/wp\/v2\/product_brand?post=1149"},{"taxonomy":"product_cat","embeddable":true,"href":"https:\/\/npschmuckwerk.de\/en\/wp-json\/wp\/v2\/product_cat?post=1149"},{"taxonomy":"product_tag","embeddable":true,"href":"https:\/\/npschmuckwerk.de\/en\/wp-json\/wp\/v2\/product_tag?post=1149"}],"curies":[{"name":"wp","href":"https:\/\/api.w.org\/{rel}","templated":true}]}}