{"id":1145,"date":"2025-05-21T14:50:11","date_gmt":"2025-05-21T14:50:11","guid":{"rendered":"https:\/\/npschmuckwerk.de\/?post_type=product&#038;p=1145"},"modified":"2025-07-24T10:48:55","modified_gmt":"2025-07-24T10:48:55","slug":"bicolorhaenger-mit-tiegeraugenzwiebel","status":"publish","type":"product","link":"https:\/\/npschmuckwerk.de\/en\/product\/bicolorhaenger-mit-tiegeraugenzwiebel\/","title":{"rendered":"Bicolorh\u00e4nger mit Tiegeraugenzwiebel"},"content":{"rendered":"<p><strong>Bicolor-Ohrh\u00e4nger mit Tigeraugen-Zwiebel<\/strong><\/p>\n<p>Diese stilvollen Ohrh\u00e4nger kombinieren k\u00fchles 925er Silber mit warmem 585er Gelbgold zu einem harmonischen Bicolor-Design. Im Mittelpunkt steht eine facettierte Zwiebel aus Tigerauge \u2013 ein Edelstein, der durch sein charakteristisches Schimmern und seine goldbraunen Farbt\u00f6ne eine besondere Tiefe ausstrahlt. Die organische Form verleiht dem Schmuckst\u00fcck Eleganz mit nat\u00fcrlichem Charisma.<\/p>\n<ul>\n<li><strong>Material:<\/strong> 925 Silber, 585 Gelbgold<\/li>\n<li><strong>Ma\u00dfe:<\/strong> Gesamtl\u00e4nge 27,63 mm, Zwiebel 11,5 \u00d7 13 mm<\/li>\n<li><strong>Gewicht:<\/strong> 7,22 g<\/li>\n<li><strong>Preis:<\/strong> 149,00 \u20ac<\/li>\n<\/ul>\n<p>In sorgf\u00e4ltiger Handarbeit gefertigt \u2013 jedes Paar ist ein ausdrucksstarkes Unikat mit nat\u00fcrlicher Eleganz.<\/p>","protected":false},"excerpt":{"rendered":"<p>Bicolor-Ohrh\u00e4nger mit Tigerauge-Zwiebel \u2013 Silber &amp; Gelbgold vereint mit warmem Glanz, handgefertigt und einzigartig.<\/p>","protected":false},"featured_media":877,"comment_status":"closed","ping_status":"closed","template":"","meta":[],"product_brand":[],"product_cat":[35,37,73],"product_tag":[],"class_list":{"0":"post-1145","1":"product","2":"type-product","3":"status-publish","4":"has-post-thumbnail","6":"product_cat-ohrschmuck","7":"product_cat-ohrhaenger","8":"product_cat-direktverkauf","10":"first","11":"instock","12":"taxable","13":"shipping-taxable","14":"purchasable","15":"product-type-simple"},"_links":{"self":[{"href":"https:\/\/npschmuckwerk.de\/en\/wp-json\/wp\/v2\/product\/1145","targetHints":{"allow":["GET"]}}],"collection":[{"href":"https:\/\/npschmuckwerk.de\/en\/wp-json\/wp\/v2\/product"}],"about":[{"href":"https:\/\/npschmuckwerk.de\/en\/wp-json\/wp\/v2\/types\/product"}],"replies":[{"embeddable":true,"href":"https:\/\/npschmuckwerk.de\/en\/wp-json\/wp\/v2\/comments?post=1145"}],"wp:featuredmedia":[{"embeddable":true,"href":"https:\/\/npschmuckwerk.de\/en\/wp-json\/wp\/v2\/media\/877"}],"wp:attachment":[{"href":"https:\/\/npschmuckwerk.de\/en\/wp-json\/wp\/v2\/media?parent=1145"}],"wp:term":[{"taxonomy":"product_brand","embeddable":true,"href":"https:\/\/npschmuckwerk.de\/en\/wp-json\/wp\/v2\/product_brand?post=1145"},{"taxonomy":"product_cat","embeddable":true,"href":"https:\/\/npschmuckwerk.de\/en\/wp-json\/wp\/v2\/product_cat?post=1145"},{"taxonomy":"product_tag","embeddable":true,"href":"https:\/\/npschmuckwerk.de\/en\/wp-json\/wp\/v2\/product_tag?post=1145"}],"curies":[{"name":"wp","href":"https:\/\/api.w.org\/{rel}","templated":true}]}}