{"id":1144,"date":"2025-05-21T14:50:11","date_gmt":"2025-05-21T14:50:11","guid":{"rendered":"https:\/\/npschmuckwerk.de\/?post_type=product&#038;p=1144"},"modified":"2025-07-24T10:48:57","modified_gmt":"2025-07-24T10:48:57","slug":"silberhaenger-mit-facettierter-kunzitpampel","status":"publish","type":"product","link":"https:\/\/npschmuckwerk.de\/en\/product\/silberhaenger-mit-facettierter-kunzitpampel\/","title":{"rendered":"Silberh\u00e4nger mit facettierter Kunzitpampel"},"content":{"rendered":"<p><strong>Silberh\u00e4nger mit facettierter Kunzitpampel<\/strong><\/p>\n<p>Diese eleganten Ohrh\u00e4nger zeigen eine fein facettierte Pampel aus Kunzit \u2013 ein Edelstein, der f\u00fcr seine zarten Ros\u00e9- bis Violettt\u00f6ne und seinen sanften Glanz gesch\u00e4tzt wird. Die gro\u00dfz\u00fcgige Tropfenform wird von einer Fassung aus 925er Silber getragen und verleiht dem Design eine harmonische, feminine Ausstrahlung.<\/p>\n<ul>\n<li><strong>Material:<\/strong> 925 Silber<\/li>\n<li><strong>Ma\u00dfe:<\/strong> Gesamtl\u00e4nge 27,7 mm, Pampel 13,5 \u00d7 11,3 mm<\/li>\n<li><strong>Gewicht:<\/strong> 5,79 g<\/li>\n<li><strong>Preis:<\/strong> 190,00 \u20ac<\/li>\n<\/ul>\n<p>Handgefertigt mit viel Liebe zum Detail \u2013 jedes Paar ist ein ausdrucksstarkes Einzelst\u00fcck.<\/p>","protected":false},"excerpt":{"rendered":"<p>Ohrh\u00e4nger mit facettierter Kunzitpampel in 925er Silber \u2013 zart, edel und handgefertigt.<\/p>","protected":false},"featured_media":876,"comment_status":"open","ping_status":"closed","template":"","meta":[],"product_brand":[],"product_cat":[35,37,73],"product_tag":[],"class_list":{"0":"post-1144","1":"product","2":"type-product","3":"status-publish","4":"has-post-thumbnail","6":"product_cat-ohrschmuck","7":"product_cat-ohrhaenger","8":"product_cat-direktverkauf","10":"first","11":"instock","12":"taxable","13":"shipping-taxable","14":"purchasable","15":"product-type-simple"},"_links":{"self":[{"href":"https:\/\/npschmuckwerk.de\/en\/wp-json\/wp\/v2\/product\/1144","targetHints":{"allow":["GET"]}}],"collection":[{"href":"https:\/\/npschmuckwerk.de\/en\/wp-json\/wp\/v2\/product"}],"about":[{"href":"https:\/\/npschmuckwerk.de\/en\/wp-json\/wp\/v2\/types\/product"}],"replies":[{"embeddable":true,"href":"https:\/\/npschmuckwerk.de\/en\/wp-json\/wp\/v2\/comments?post=1144"}],"wp:featuredmedia":[{"embeddable":true,"href":"https:\/\/npschmuckwerk.de\/en\/wp-json\/wp\/v2\/media\/876"}],"wp:attachment":[{"href":"https:\/\/npschmuckwerk.de\/en\/wp-json\/wp\/v2\/media?parent=1144"}],"wp:term":[{"taxonomy":"product_brand","embeddable":true,"href":"https:\/\/npschmuckwerk.de\/en\/wp-json\/wp\/v2\/product_brand?post=1144"},{"taxonomy":"product_cat","embeddable":true,"href":"https:\/\/npschmuckwerk.de\/en\/wp-json\/wp\/v2\/product_cat?post=1144"},{"taxonomy":"product_tag","embeddable":true,"href":"https:\/\/npschmuckwerk.de\/en\/wp-json\/wp\/v2\/product_tag?post=1144"}],"curies":[{"name":"wp","href":"https:\/\/api.w.org\/{rel}","templated":true}]}}