{"id":1143,"date":"2025-05-21T14:50:11","date_gmt":"2025-05-21T14:50:11","guid":{"rendered":"https:\/\/npschmuckwerk.de\/?post_type=product&#038;p=1143"},"modified":"2025-07-24T10:48:52","modified_gmt":"2025-07-24T10:48:52","slug":"schneeflockenachaat-in-silber","status":"publish","type":"product","link":"https:\/\/npschmuckwerk.de\/en\/product\/schneeflockenachaat-in-silber\/","title":{"rendered":"Schneeflockenachaat in Silber"},"content":{"rendered":"<p><strong>Ohrh\u00e4nger mit Schneeflockenachat in Silber<\/strong><\/p>\n<p>Diese stilvollen Ohrh\u00e4nger bringen die nat\u00fcrliche Sch\u00f6nheit des Schneeflockenachats zur Geltung. Der l\u00e4nglich-ovale Stein besticht durch seine charakteristische, helle Maserung auf dunklem Grund \u2013 jedes Exemplar mit einem einzigartigen Muster. Die schlichte Fassung aus 925er Silber unterstreicht den nat\u00fcrlichen Charakter und l\u00e4sst dem Stein Raum zu wirken.<\/p>\n<ul>\n<li><strong>Material:<\/strong> 925 Silber<\/li>\n<li><strong>Ma\u00dfe:<\/strong> Gesamtl\u00e4nge 34,4 mm, Pampel 20,5 \u00d7 8 mm<\/li>\n<li><strong>Gewicht:<\/strong> 4,53 g<\/li>\n<li><strong>Preis:<\/strong> 89,00 \u20ac<\/li>\n<\/ul>\n<p>In sorgf\u00e4ltiger Handarbeit gefertigt \u2013 jedes Paar ist ein individuelles Unikat mit nat\u00fcrlicher Ausstrahlung.<\/p>","protected":false},"excerpt":{"rendered":"<p>Ohrh\u00e4nger mit Schneeflockenachat in 925er Silber \u2013 nat\u00fcrlich gemasert, dezent und handgefertigt.<\/p>","protected":false},"featured_media":875,"comment_status":"closed","ping_status":"closed","template":"","meta":[],"product_brand":[],"product_cat":[35,37,73],"product_tag":[],"class_list":{"0":"post-1143","1":"product","2":"type-product","3":"status-publish","4":"has-post-thumbnail","6":"product_cat-ohrschmuck","7":"product_cat-ohrhaenger","8":"product_cat-direktverkauf","10":"first","11":"instock","12":"taxable","13":"shipping-taxable","14":"purchasable","15":"product-type-simple"},"_links":{"self":[{"href":"https:\/\/npschmuckwerk.de\/en\/wp-json\/wp\/v2\/product\/1143","targetHints":{"allow":["GET"]}}],"collection":[{"href":"https:\/\/npschmuckwerk.de\/en\/wp-json\/wp\/v2\/product"}],"about":[{"href":"https:\/\/npschmuckwerk.de\/en\/wp-json\/wp\/v2\/types\/product"}],"replies":[{"embeddable":true,"href":"https:\/\/npschmuckwerk.de\/en\/wp-json\/wp\/v2\/comments?post=1143"}],"wp:featuredmedia":[{"embeddable":true,"href":"https:\/\/npschmuckwerk.de\/en\/wp-json\/wp\/v2\/media\/875"}],"wp:attachment":[{"href":"https:\/\/npschmuckwerk.de\/en\/wp-json\/wp\/v2\/media?parent=1143"}],"wp:term":[{"taxonomy":"product_brand","embeddable":true,"href":"https:\/\/npschmuckwerk.de\/en\/wp-json\/wp\/v2\/product_brand?post=1143"},{"taxonomy":"product_cat","embeddable":true,"href":"https:\/\/npschmuckwerk.de\/en\/wp-json\/wp\/v2\/product_cat?post=1143"},{"taxonomy":"product_tag","embeddable":true,"href":"https:\/\/npschmuckwerk.de\/en\/wp-json\/wp\/v2\/product_tag?post=1143"}],"curies":[{"name":"wp","href":"https:\/\/api.w.org\/{rel}","templated":true}]}}