{"id":1142,"date":"2025-05-21T14:50:11","date_gmt":"2025-05-21T14:50:11","guid":{"rendered":"https:\/\/npschmuckwerk.de\/?post_type=product&#038;p=1142"},"modified":"2025-07-24T10:50:17","modified_gmt":"2025-07-24T10:50:17","slug":"gelbgoldohrstecker-mit-schieferpyrit-und-facettierter-koralle","status":"publish","type":"product","link":"https:\/\/npschmuckwerk.de\/en\/product\/gelbgoldohrstecker-mit-schieferpyrit-und-facettierter-koralle\/","title":{"rendered":"Gelbgoldohrstecker mit Schieferpyrit und facettierter Koralle"},"content":{"rendered":"<p><strong>Unikat: Gelbgold-Ohrstecker mit Schieferpyrit und facettierter Koralle<\/strong><\/p>\n<p>Diese au\u00dfergew\u00f6hnlichen Ohrstecker vereinen edle Materialien zu einem echten Statement-Schmuckst\u00fcck. Der Stecker besteht aus 585er Gelbgold und tr\u00e4gt eine runde Scheibe aus faszinierendem Schieferpyrit \u2013 mit seiner nat\u00fcrlichen Textur ein echter Blickfang. Beweglich darunter: eine facettierte, l\u00e4nglich-ovale Koralle, die durch ihre intensive Farbe W\u00e4rme und Eleganz ausstrahlt.<\/p>\n<p>Ein stilvolles Unikat mit Kontrast und Tiefe \u2013 f\u00fcr besondere Anl\u00e4sse oder starke Alltagslooks.<\/p>\n<ul>\n<li><strong>Material:<\/strong> 585 Gelbgold, Schieferpyrit, facettierte Koralle<\/li>\n<li><strong>Ma\u00dfe:<\/strong> Gesamtl\u00e4nge 35,8 mm, Stecker-Durchmesser 9,6 mm, Koralle 19,6 \u00d7 9,8 mm<\/li>\n<li><strong>Gewicht:<\/strong> 7,73 g<\/li>\n<li><strong>Preis:<\/strong> 890,00 \u20ac<\/li>\n<\/ul>\n<p>Dieses St\u00fcck wurde in feinster Handarbeit gefertigt \u2013 und ist als Unikat nur ein einziges Mal erh\u00e4ltlich.<\/p>","protected":false},"excerpt":{"rendered":"<p>Unikat-Ohrstecker aus 585er Gelbgold mit Schieferpyrit und facettierter Koralle \u2013 ausdrucksstark, edel, handgefertigt.<\/p>","protected":false},"featured_media":874,"comment_status":"closed","ping_status":"closed","template":"","meta":[],"product_brand":[],"product_cat":[35,36,38,74,75],"product_tag":[],"class_list":{"0":"post-1142","1":"product","2":"type-product","3":"status-publish","4":"has-post-thumbnail","6":"product_cat-ohrschmuck","7":"product_cat-ohrstecker","8":"product_cat-unikate","9":"product_cat-verkauf-nach-absprache","10":"product_cat-kv","12":"first","13":"instock","14":"virtual","15":"taxable","16":"purchasable","17":"product-type-simple"},"_links":{"self":[{"href":"https:\/\/npschmuckwerk.de\/en\/wp-json\/wp\/v2\/product\/1142","targetHints":{"allow":["GET"]}}],"collection":[{"href":"https:\/\/npschmuckwerk.de\/en\/wp-json\/wp\/v2\/product"}],"about":[{"href":"https:\/\/npschmuckwerk.de\/en\/wp-json\/wp\/v2\/types\/product"}],"replies":[{"embeddable":true,"href":"https:\/\/npschmuckwerk.de\/en\/wp-json\/wp\/v2\/comments?post=1142"}],"wp:featuredmedia":[{"embeddable":true,"href":"https:\/\/npschmuckwerk.de\/en\/wp-json\/wp\/v2\/media\/874"}],"wp:attachment":[{"href":"https:\/\/npschmuckwerk.de\/en\/wp-json\/wp\/v2\/media?parent=1142"}],"wp:term":[{"taxonomy":"product_brand","embeddable":true,"href":"https:\/\/npschmuckwerk.de\/en\/wp-json\/wp\/v2\/product_brand?post=1142"},{"taxonomy":"product_cat","embeddable":true,"href":"https:\/\/npschmuckwerk.de\/en\/wp-json\/wp\/v2\/product_cat?post=1142"},{"taxonomy":"product_tag","embeddable":true,"href":"https:\/\/npschmuckwerk.de\/en\/wp-json\/wp\/v2\/product_tag?post=1142"}],"curies":[{"name":"wp","href":"https:\/\/api.w.org\/{rel}","templated":true}]}}