{"id":1141,"date":"2025-05-21T14:50:10","date_gmt":"2025-05-21T14:50:10","guid":{"rendered":"https:\/\/npschmuckwerk.de\/?post_type=product&#038;p=1141"},"modified":"2025-09-02T13:22:21","modified_gmt":"2025-09-02T13:22:21","slug":"silber-rosegoldhaenger-mit-rosa-mondsteinzwiebel-facettiert","status":"publish","type":"product","link":"https:\/\/npschmuckwerk.de\/en\/product\/silber-rosegoldhaenger-mit-rosa-mondsteinzwiebel-facettiert\/","title":{"rendered":"Silber Ros\u00e9goldh\u00e4nger mit rosa Mondsteinzwiebel facettiert"},"content":{"rendered":"<p><strong>Ohrh\u00e4nger aus Silber und Ros\u00e9gold mit facettiertem rosa Mondstein<\/strong><\/p>\n<p>Diese femininen Ohrh\u00e4nger kombinieren zart schimmernden rosa Mondstein in Zwiebelform mit edlen Metallen: Die Fassung aus 925er Silber und 585er Ros\u00e9gold verleiht dem Design W\u00e4rme und Eleganz. Der facettierte Mondstein entfaltet sein sanftes Leuchten bei jeder Bewegung und macht diesen Ohrschmuck zum dezenten Hingucker.<\/p>\n<ul>\n<li><strong>Material:<\/strong> 925 Silber, 585 Ros\u00e9gold<\/li>\n<li><strong>Ma\u00dfe:<\/strong> Gesamtl\u00e4nge 21,7 mm, Mondstein-Zwiebel 10 \u00d7 11 mm<\/li>\n<li><strong>Gewicht:<\/strong> 6,04 g<\/li>\n<li><strong>Preis:<\/strong> 250,00 \u20ac<\/li>\n<\/ul>\n<p>Jedes Paar wird von Hand gefertigt \u2013 so entstehen elegante Unikate mit nat\u00fcrlichem Glanz.<\/p>","protected":false},"excerpt":{"rendered":"<p>Rosa Mondstein-Ohrh\u00e4nger in Zwiebelform \u2013 kombiniert mit Silber und Ros\u00e9gold, handgefertigt und edel schimmernd.<\/p>","protected":false},"featured_media":873,"comment_status":"closed","ping_status":"closed","template":"","meta":[],"product_brand":[],"product_cat":[35,37,74,75],"product_tag":[],"class_list":{"0":"post-1141","1":"product","2":"type-product","3":"status-publish","4":"has-post-thumbnail","6":"product_cat-ohrschmuck","7":"product_cat-ohrhaenger","8":"product_cat-verkauf-nach-absprache","9":"product_cat-kv","11":"first","12":"outofstock","13":"virtual","14":"taxable","15":"purchasable","16":"product-type-simple"},"_links":{"self":[{"href":"https:\/\/npschmuckwerk.de\/en\/wp-json\/wp\/v2\/product\/1141","targetHints":{"allow":["GET"]}}],"collection":[{"href":"https:\/\/npschmuckwerk.de\/en\/wp-json\/wp\/v2\/product"}],"about":[{"href":"https:\/\/npschmuckwerk.de\/en\/wp-json\/wp\/v2\/types\/product"}],"replies":[{"embeddable":true,"href":"https:\/\/npschmuckwerk.de\/en\/wp-json\/wp\/v2\/comments?post=1141"}],"wp:featuredmedia":[{"embeddable":true,"href":"https:\/\/npschmuckwerk.de\/en\/wp-json\/wp\/v2\/media\/873"}],"wp:attachment":[{"href":"https:\/\/npschmuckwerk.de\/en\/wp-json\/wp\/v2\/media?parent=1141"}],"wp:term":[{"taxonomy":"product_brand","embeddable":true,"href":"https:\/\/npschmuckwerk.de\/en\/wp-json\/wp\/v2\/product_brand?post=1141"},{"taxonomy":"product_cat","embeddable":true,"href":"https:\/\/npschmuckwerk.de\/en\/wp-json\/wp\/v2\/product_cat?post=1141"},{"taxonomy":"product_tag","embeddable":true,"href":"https:\/\/npschmuckwerk.de\/en\/wp-json\/wp\/v2\/product_tag?post=1141"}],"curies":[{"name":"wp","href":"https:\/\/api.w.org\/{rel}","templated":true}]}}