{"id":1138,"date":"2025-05-21T14:50:10","date_gmt":"2025-05-21T14:50:10","guid":{"rendered":"https:\/\/npschmuckwerk.de\/?post_type=product&#038;p=1138"},"modified":"2025-07-24T10:50:19","modified_gmt":"2025-07-24T10:50:19","slug":"bicolor-ohrstecker-silber-geschmort-geschwaerzt-mit-goldlotverzierung-facettierter-citrin-im-suncutschliff-und-goldfassung","status":"publish","type":"product","link":"https:\/\/npschmuckwerk.de\/en\/product\/bicolor-ohrstecker-silber-geschmort-geschwaerzt-mit-goldlotverzierung-facettierter-citrin-im-suncutschliff-und-goldfassung\/","title":{"rendered":"Bicolor Ohrstecker silber geschmort, geschw\u00e4rzt mit Goldlotverzierung facettierter Citrin im Suncutschliff und Goldfassung"},"content":{"rendered":"<p><strong>Bicolor-Ohrstecker mit facettiertem Citrin im Suncut-Schliff<\/strong><\/p>\n<p>Ein Unikat voller Tiefe und Licht: Diese au\u00dfergew\u00f6hnlichen Bicolor-Ohrstecker bestehen aus geschmortem, geschw\u00e4rztem 925er Silber mit Goldlotverzierungen und einem facettierten Citrin im strahlenden Suncut-Schliff. Der leuchtend gelbe Edelstein sitzt in einer Fassung aus 585er Gelbgold und bildet das funkelnde Zentrum dieses ausdrucksstarken Schmuckst\u00fccks.<\/p>\n<p>Mit einer Gesamtl\u00e4nge von \u00fcber 3 cm verbinden diese Ohrstecker klare Formen, edle Materialien und kontrastreiche Handwerkskunst zu einem echten Highlight.<\/p>\n<ul>\n<li><strong>Material:<\/strong> 925 Silber, 585 Gelbgold, Ohrmuttern aus Silber<\/li>\n<li><strong>Ma\u00dfe:<\/strong> Gesamtl\u00e4nge 30,45 mm, Stecker-Durchmesser 13 mm, Goldfassung 9,5 mm<\/li>\n<li><strong>Gewicht:<\/strong> 8,66 g<\/li>\n<li><strong>Preis:<\/strong> 340,00 \u20ac<\/li>\n<\/ul>\n<p>Dieses Einzelst\u00fcck wurde in feinster Handarbeit gefertigt \u2013 und ist so einzigartig wie die Tr\u00e4gerin selbst.<\/p>","protected":false},"excerpt":{"rendered":"<p>Bicolor-Ohrstecker mit Citrin im Suncut-Schliff, geschmortes Silber, Goldlot, Gelbgoldfassung \u2013 kraftvoll, edel, handgefertigt.<\/p>","protected":false},"featured_media":870,"comment_status":"closed","ping_status":"closed","template":"","meta":[],"product_brand":[],"product_cat":[35,36,38,74,75],"product_tag":[],"class_list":{"0":"post-1138","1":"product","2":"type-product","3":"status-publish","4":"has-post-thumbnail","6":"product_cat-ohrschmuck","7":"product_cat-ohrstecker","8":"product_cat-unikate","9":"product_cat-verkauf-nach-absprache","10":"product_cat-kv","12":"first","13":"instock","14":"virtual","15":"taxable","16":"purchasable","17":"product-type-simple"},"_links":{"self":[{"href":"https:\/\/npschmuckwerk.de\/en\/wp-json\/wp\/v2\/product\/1138","targetHints":{"allow":["GET"]}}],"collection":[{"href":"https:\/\/npschmuckwerk.de\/en\/wp-json\/wp\/v2\/product"}],"about":[{"href":"https:\/\/npschmuckwerk.de\/en\/wp-json\/wp\/v2\/types\/product"}],"replies":[{"embeddable":true,"href":"https:\/\/npschmuckwerk.de\/en\/wp-json\/wp\/v2\/comments?post=1138"}],"wp:featuredmedia":[{"embeddable":true,"href":"https:\/\/npschmuckwerk.de\/en\/wp-json\/wp\/v2\/media\/870"}],"wp:attachment":[{"href":"https:\/\/npschmuckwerk.de\/en\/wp-json\/wp\/v2\/media?parent=1138"}],"wp:term":[{"taxonomy":"product_brand","embeddable":true,"href":"https:\/\/npschmuckwerk.de\/en\/wp-json\/wp\/v2\/product_brand?post=1138"},{"taxonomy":"product_cat","embeddable":true,"href":"https:\/\/npschmuckwerk.de\/en\/wp-json\/wp\/v2\/product_cat?post=1138"},{"taxonomy":"product_tag","embeddable":true,"href":"https:\/\/npschmuckwerk.de\/en\/wp-json\/wp\/v2\/product_tag?post=1138"}],"curies":[{"name":"wp","href":"https:\/\/api.w.org\/{rel}","templated":true}]}}