{"id":1136,"date":"2025-05-21T14:50:09","date_gmt":"2025-05-21T14:50:09","guid":{"rendered":"https:\/\/npschmuckwerk.de\/?post_type=product&#038;p=1136"},"modified":"2025-07-24T10:48:52","modified_gmt":"2025-07-24T10:48:52","slug":"prasiolith-pampeln-facettiert","status":"publish","type":"product","link":"https:\/\/npschmuckwerk.de\/en\/product\/prasiolith-pampeln-facettiert\/","title":{"rendered":"Prasiolith Pampeln &#8211; facettiert"},"content":{"rendered":"<p><strong>Prasiolith-Pampeln \u2013 facettiert<\/strong><\/p>\n<p>Diese zarten Ohrh\u00e4nger pr\u00e4sentieren fein facettierte Pampeln aus Prasiolith \u2013 auch bekannt als Gr\u00fcnquarz. Der zartgr\u00fcne Edelstein f\u00e4ngt das Licht auf elegante Weise ein und sorgt f\u00fcr ein nat\u00fcrliches Funkeln bei jeder Bewegung. Gefasst in 925er Silber entsteht ein frisches, leichtes Schmuckst\u00fcck mit moderner Anmutung.<\/p>\n<ul>\n<li><strong>Material:<\/strong> 925 Silber<\/li>\n<li><strong>Ma\u00dfe:<\/strong> Pampeln 8,3 \u00d7 8,9 mm<\/li>\n<li><strong>Gewicht:<\/strong> 2,92 g<\/li>\n<li><strong>Preis:<\/strong> 89,00 \u20ac<\/li>\n<\/ul>\n<p>Jedes Paar wird in sorgf\u00e4ltiger Handarbeit gefertigt \u2013 jedes St\u00fcck ist ein Unikat mit nat\u00fcrlichem Charme.<\/p>","protected":false},"excerpt":{"rendered":"<p>Facettierte Prasiolith-Ohrh\u00e4nger in 925er Silber \u2013 nat\u00fcrlich schimmernd, leicht und handgefertigt.<\/p>","protected":false},"featured_media":868,"comment_status":"closed","ping_status":"closed","template":"","meta":[],"product_brand":[],"product_cat":[35,37,73],"product_tag":[],"class_list":{"0":"post-1136","1":"product","2":"type-product","3":"status-publish","4":"has-post-thumbnail","6":"product_cat-ohrschmuck","7":"product_cat-ohrhaenger","8":"product_cat-direktverkauf","10":"first","11":"instock","12":"taxable","13":"shipping-taxable","14":"purchasable","15":"product-type-simple"},"_links":{"self":[{"href":"https:\/\/npschmuckwerk.de\/en\/wp-json\/wp\/v2\/product\/1136","targetHints":{"allow":["GET"]}}],"collection":[{"href":"https:\/\/npschmuckwerk.de\/en\/wp-json\/wp\/v2\/product"}],"about":[{"href":"https:\/\/npschmuckwerk.de\/en\/wp-json\/wp\/v2\/types\/product"}],"replies":[{"embeddable":true,"href":"https:\/\/npschmuckwerk.de\/en\/wp-json\/wp\/v2\/comments?post=1136"}],"wp:featuredmedia":[{"embeddable":true,"href":"https:\/\/npschmuckwerk.de\/en\/wp-json\/wp\/v2\/media\/868"}],"wp:attachment":[{"href":"https:\/\/npschmuckwerk.de\/en\/wp-json\/wp\/v2\/media?parent=1136"}],"wp:term":[{"taxonomy":"product_brand","embeddable":true,"href":"https:\/\/npschmuckwerk.de\/en\/wp-json\/wp\/v2\/product_brand?post=1136"},{"taxonomy":"product_cat","embeddable":true,"href":"https:\/\/npschmuckwerk.de\/en\/wp-json\/wp\/v2\/product_cat?post=1136"},{"taxonomy":"product_tag","embeddable":true,"href":"https:\/\/npschmuckwerk.de\/en\/wp-json\/wp\/v2\/product_tag?post=1136"}],"curies":[{"name":"wp","href":"https:\/\/api.w.org\/{rel}","templated":true}]}}