{"id":1135,"date":"2025-05-21T14:50:09","date_gmt":"2025-05-21T14:50:09","guid":{"rendered":"https:\/\/npschmuckwerk.de\/?post_type=product&#038;p=1135"},"modified":"2025-07-24T10:48:55","modified_gmt":"2025-07-24T10:48:55","slug":"labradorith-pampeln-in-silber-gearbeitet-mit-gelbgoldkaeppchen","status":"publish","type":"product","link":"https:\/\/npschmuckwerk.de\/en\/product\/labradorith-pampeln-in-silber-gearbeitet-mit-gelbgoldkaeppchen\/","title":{"rendered":"Labradorith Pampeln in Silber gearbeitet mit Gelbgoldk\u00e4ppchen"},"content":{"rendered":"<p><strong>Labradorith-Pampeln in Silber gearbeitet mit Gelbgoldk\u00e4ppchen<\/strong><\/p>\n<p>Diese edlen Ohrh\u00e4nger kombinieren nat\u00fcrliche Eleganz mit feiner Handwerkskunst. Die tropfenf\u00f6rmigen Labradorith-Pampeln schimmern in faszinierenden Grau-Blau-T\u00f6nen und werden von zarten K\u00e4ppchen aus 585er Gelbgold gehalten. Eingefasst und gearbeitet in 925er Silber entsteht ein harmonischer Kontrast zwischen Stein, Gold und Silber.<\/p>\n<p>Ein ausdrucksstarkes Schmuckst\u00fcck f\u00fcr alle, die das Besondere suchen.<\/p>\n<ul>\n<li><strong>Material:<\/strong> 925 Silber, 585 Gelbgold<\/li>\n<li><strong>Ma\u00dfe:<\/strong> Pampeln 7,6 \u00d7 9,1 mm<\/li>\n<li><strong>Gewicht:<\/strong> 2,97 g<\/li>\n<li><strong>Preis:<\/strong> 179,00 \u20ac<\/li>\n<\/ul>\n<p>Jedes Paar wird in sorgf\u00e4ltiger Handarbeit gefertigt \u2013 das macht jedes St\u00fcck zu einem echten Unikat.<\/p>","protected":false},"excerpt":{"rendered":"<p>Labradorith-Ohrh\u00e4nger in Silber mit Gelbgoldk\u00e4ppchen \u2013 nat\u00fcrlich schimmernd, fein gefasst und handgefertigt.<\/p>","protected":false},"featured_media":867,"comment_status":"closed","ping_status":"closed","template":"","meta":[],"product_brand":[],"product_cat":[37,73,35],"product_tag":[],"class_list":{"0":"post-1135","1":"product","2":"type-product","3":"status-publish","4":"has-post-thumbnail","6":"product_cat-ohrhaenger","7":"product_cat-direktverkauf","8":"product_cat-ohrschmuck","10":"first","11":"instock","12":"taxable","13":"shipping-taxable","14":"purchasable","15":"product-type-simple"},"_links":{"self":[{"href":"https:\/\/npschmuckwerk.de\/en\/wp-json\/wp\/v2\/product\/1135","targetHints":{"allow":["GET"]}}],"collection":[{"href":"https:\/\/npschmuckwerk.de\/en\/wp-json\/wp\/v2\/product"}],"about":[{"href":"https:\/\/npschmuckwerk.de\/en\/wp-json\/wp\/v2\/types\/product"}],"replies":[{"embeddable":true,"href":"https:\/\/npschmuckwerk.de\/en\/wp-json\/wp\/v2\/comments?post=1135"}],"wp:featuredmedia":[{"embeddable":true,"href":"https:\/\/npschmuckwerk.de\/en\/wp-json\/wp\/v2\/media\/867"}],"wp:attachment":[{"href":"https:\/\/npschmuckwerk.de\/en\/wp-json\/wp\/v2\/media?parent=1135"}],"wp:term":[{"taxonomy":"product_brand","embeddable":true,"href":"https:\/\/npschmuckwerk.de\/en\/wp-json\/wp\/v2\/product_brand?post=1135"},{"taxonomy":"product_cat","embeddable":true,"href":"https:\/\/npschmuckwerk.de\/en\/wp-json\/wp\/v2\/product_cat?post=1135"},{"taxonomy":"product_tag","embeddable":true,"href":"https:\/\/npschmuckwerk.de\/en\/wp-json\/wp\/v2\/product_tag?post=1135"}],"curies":[{"name":"wp","href":"https:\/\/api.w.org\/{rel}","templated":true}]}}