{"id":1133,"date":"2025-05-21T14:50:09","date_gmt":"2025-05-21T14:50:09","guid":{"rendered":"https:\/\/npschmuckwerk.de\/?post_type=product&#038;p=1133"},"modified":"2025-07-24T10:50:20","modified_gmt":"2025-07-24T10:50:20","slug":"ohrstecker-boden-und-stift-silber-rahmen-gelbgold-gefraest","status":"publish","type":"product","link":"https:\/\/npschmuckwerk.de\/en\/product\/ohrstecker-boden-und-stift-silber-rahmen-gelbgold-gefraest\/","title":{"rendered":"Ohrstecker &#8211; Boden und Stift Silber &#8211; Rahmen Gelbgold gefr\u00e4st"},"content":{"rendered":"<p><strong>Ohrstecker \u2013 Boden und Stift Silber, Rahmen Gelbgold gefr\u00e4st<\/strong><\/p>\n<p>Elegante Ohrstecker mit klarer Formsprache: Der Boden und Stift bestehen aus feinem 925er Silber, w\u00e4hrend ein pr\u00e4zise gefr\u00e4ster Rahmen aus 585er Gelbgold das Design vollendet. Das Zusammenspiel aus k\u00fchlem Silber und warmem Gold verleiht dem Schmuckst\u00fcck eine moderne, hochwertige Ausstrahlung.<\/p>\n<p>Die beiliegenden Silber-Ohrmuttern sorgen f\u00fcr sicheren Halt und angenehmen Tragekomfort.<\/p>\n<ul>\n<li><strong>Material:<\/strong> 925 Silber, 585 Gelbgold, Ohrmuttern aus Silber<\/li>\n<li><strong>Ma\u00dfe:<\/strong> Durchmesser 8,8 mm, H\u00f6he 1,8 mm<\/li>\n<li><strong>Gewicht:<\/strong> 2,69 g<\/li>\n<li><strong>Preis:<\/strong> 289,00 \u20ac<\/li>\n<\/ul>\n<p>Jedes Paar wird in aufwendiger Handarbeit gefertigt \u2013 f\u00fcr ein Unikat mit einzigartigem Charakter.<\/p>","protected":false},"excerpt":{"rendered":"<p>Ohrstecker aus Silber mit gefr\u00e4stem Gelbgold-Rahmen \u2013 kontrastreich, pr\u00e4zise und handgefertigt.<\/p>","protected":false},"featured_media":865,"comment_status":"closed","ping_status":"closed","template":"","meta":[],"product_brand":[],"product_cat":[35,36,74,75],"product_tag":[],"class_list":{"0":"post-1133","1":"product","2":"type-product","3":"status-publish","4":"has-post-thumbnail","6":"product_cat-ohrschmuck","7":"product_cat-ohrstecker","8":"product_cat-verkauf-nach-absprache","9":"product_cat-kv","11":"first","12":"instock","13":"virtual","14":"taxable","15":"purchasable","16":"product-type-simple"},"_links":{"self":[{"href":"https:\/\/npschmuckwerk.de\/en\/wp-json\/wp\/v2\/product\/1133","targetHints":{"allow":["GET"]}}],"collection":[{"href":"https:\/\/npschmuckwerk.de\/en\/wp-json\/wp\/v2\/product"}],"about":[{"href":"https:\/\/npschmuckwerk.de\/en\/wp-json\/wp\/v2\/types\/product"}],"replies":[{"embeddable":true,"href":"https:\/\/npschmuckwerk.de\/en\/wp-json\/wp\/v2\/comments?post=1133"}],"wp:featuredmedia":[{"embeddable":true,"href":"https:\/\/npschmuckwerk.de\/en\/wp-json\/wp\/v2\/media\/865"}],"wp:attachment":[{"href":"https:\/\/npschmuckwerk.de\/en\/wp-json\/wp\/v2\/media?parent=1133"}],"wp:term":[{"taxonomy":"product_brand","embeddable":true,"href":"https:\/\/npschmuckwerk.de\/en\/wp-json\/wp\/v2\/product_brand?post=1133"},{"taxonomy":"product_cat","embeddable":true,"href":"https:\/\/npschmuckwerk.de\/en\/wp-json\/wp\/v2\/product_cat?post=1133"},{"taxonomy":"product_tag","embeddable":true,"href":"https:\/\/npschmuckwerk.de\/en\/wp-json\/wp\/v2\/product_tag?post=1133"}],"curies":[{"name":"wp","href":"https:\/\/api.w.org\/{rel}","templated":true}]}}