{"id":1128,"date":"2025-05-21T14:50:08","date_gmt":"2025-05-21T14:50:08","guid":{"rendered":"https:\/\/npschmuckwerk.de\/?post_type=product&#038;p=1128"},"modified":"2025-07-24T10:48:54","modified_gmt":"2025-07-24T10:48:54","slug":"ohrstecker-boden-gehaemmert-rahmenoberflaeche-gefraest","status":"publish","type":"product","link":"https:\/\/npschmuckwerk.de\/en\/product\/ohrstecker-boden-gehaemmert-rahmenoberflaeche-gefraest\/","title":{"rendered":"Ohrstecker &#8211; Boden geh\u00e4mmert &#8211; Rahmenoberfl\u00e4che gefr\u00e4st"},"content":{"rendered":"<p><strong>Ohrstecker \u2013 Boden geh\u00e4mmert, Rahmenoberfl\u00e4che gefr\u00e4st<\/strong><\/p>\n<p>Diese hochwertigen Ohrstecker kombinieren eine lebendige Hammerschlag-Textur im Boden mit einer pr\u00e4zise gefr\u00e4sten Rahmenoberfl\u00e4che. Der Kontrast zwischen organischer Struktur und cleanen Fr\u00e4sungen verleiht dem Design moderne Spannung und handwerkliche Raffinesse.<\/p>\n<p>Gefertigt aus 925\/000 Silber und ausgestattet mit sicheren Ohrmuttern (2\u00d7D8 mm), sitzen die Stecker angenehm und zuverl\u00e4ssig.<\/p>\n<ul>\n<li><strong>Material:<\/strong> 925\/000 Silber, Ohrmuttern 2\u00d7D8 mm<\/li>\n<li><strong>Ma\u00dfe:<\/strong> Durchmesser 9,8 mm, H\u00f6he 2,3 mm<\/li>\n<li><strong>Gewicht:<\/strong> 3,38 g<\/li>\n<li><strong>Preis:<\/strong> 139,00 \u20ac<\/li>\n<\/ul>\n<p>Jedes Paar entsteht in sorgf\u00e4ltiger Handarbeit \u2013 so wird jedes Exemplar zum individuellen Unikat.<\/p>","protected":false},"excerpt":{"rendered":"<p>Ohrstecker mit geh\u00e4mmertem Boden und gefr\u00e4ster Rahmenoberfl\u00e4che \u2013 925er Silber, modern und handgefertigt.<\/p>","protected":false},"featured_media":860,"comment_status":"closed","ping_status":"closed","template":"","meta":[],"product_brand":[],"product_cat":[35,36,73],"product_tag":[],"class_list":{"0":"post-1128","1":"product","2":"type-product","3":"status-publish","4":"has-post-thumbnail","6":"product_cat-ohrschmuck","7":"product_cat-ohrstecker","8":"product_cat-direktverkauf","10":"first","11":"instock","12":"taxable","13":"shipping-taxable","14":"purchasable","15":"product-type-simple"},"_links":{"self":[{"href":"https:\/\/npschmuckwerk.de\/en\/wp-json\/wp\/v2\/product\/1128","targetHints":{"allow":["GET"]}}],"collection":[{"href":"https:\/\/npschmuckwerk.de\/en\/wp-json\/wp\/v2\/product"}],"about":[{"href":"https:\/\/npschmuckwerk.de\/en\/wp-json\/wp\/v2\/types\/product"}],"replies":[{"embeddable":true,"href":"https:\/\/npschmuckwerk.de\/en\/wp-json\/wp\/v2\/comments?post=1128"}],"wp:featuredmedia":[{"embeddable":true,"href":"https:\/\/npschmuckwerk.de\/en\/wp-json\/wp\/v2\/media\/860"}],"wp:attachment":[{"href":"https:\/\/npschmuckwerk.de\/en\/wp-json\/wp\/v2\/media?parent=1128"}],"wp:term":[{"taxonomy":"product_brand","embeddable":true,"href":"https:\/\/npschmuckwerk.de\/en\/wp-json\/wp\/v2\/product_brand?post=1128"},{"taxonomy":"product_cat","embeddable":true,"href":"https:\/\/npschmuckwerk.de\/en\/wp-json\/wp\/v2\/product_cat?post=1128"},{"taxonomy":"product_tag","embeddable":true,"href":"https:\/\/npschmuckwerk.de\/en\/wp-json\/wp\/v2\/product_tag?post=1128"}],"curies":[{"name":"wp","href":"https:\/\/api.w.org\/{rel}","templated":true}]}}