{"id":1122,"date":"2025-05-21T14:50:05","date_gmt":"2025-05-21T14:50:05","guid":{"rendered":"https:\/\/npschmuckwerk.de\/?post_type=product&#038;p=1122"},"modified":"2025-07-24T10:48:53","modified_gmt":"2025-07-24T10:48:53","slug":"ohrstecker-geschmort-und-geschwaerzt","status":"publish","type":"product","link":"https:\/\/npschmuckwerk.de\/en\/product\/ohrstecker-geschmort-und-geschwaerzt\/","title":{"rendered":"Ohrstecker &#8211; geschmort und geschw\u00e4rzt"},"content":{"rendered":"<p><strong>Ohrstecker \u2013 geschmort und geschw\u00e4rzt<\/strong><\/p>\n<p>Diese ausdrucksstarken Ohrstecker \u00fcberzeugen durch ihre geschmorte und geschw\u00e4rzte Oberfl\u00e4che, die ihnen eine markante, fast mystische Ausstrahlung verleiht. Die aufw\u00e4ndige Oberfl\u00e4chenbehandlung verleiht jedem St\u00fcck seinen eigenen Charakter \u2013 kein Paar gleicht dem anderen.<\/p>\n<p>Gefertigt aus hochwertigem 925\/000 Silber, ausgestattet mit robusten Ohrmuttern (2\u00d7D8\u202fmm), bieten die Stecker angenehmen Tragekomfort bei gleichzeitig au\u00dfergew\u00f6hnlicher Optik.<\/p>\n<ul>\n<li><strong>Material:<\/strong> 925\/000 Silber, Ohrmuttern 2\u00d7D8\u202fmm<\/li>\n<li><strong>Ma\u00dfe:<\/strong> Durchmesser 18,9\u202fmm, Materialst\u00e4rke 2,06\u202fmm<\/li>\n<li><strong>Gewicht:<\/strong> 5,9\u202fg<\/li>\n<li><strong>Preis:<\/strong> 119,00\u202f\u20ac<\/li>\n<\/ul>\n<p>Jedes Paar wird einzeln von Hand gefertigt \u2013 dadurch ist jedes St\u00fcck ein echtes Unikat.<\/p>","protected":false},"excerpt":{"rendered":"<p>Markante Ohrstecker mit geschmorter und geschw\u00e4rzter Oberfl\u00e4che \u2013 handgefertigt aus 925er Silber. Ausdrucksstark, individuell und garantiert einzigartig.<\/p>","protected":false},"featured_media":854,"comment_status":"closed","ping_status":"closed","template":"","meta":[],"product_brand":[],"product_cat":[35,36,73],"product_tag":[],"class_list":{"0":"post-1122","1":"product","2":"type-product","3":"status-publish","4":"has-post-thumbnail","6":"product_cat-ohrschmuck","7":"product_cat-ohrstecker","8":"product_cat-direktverkauf","10":"first","11":"instock","12":"taxable","13":"shipping-taxable","14":"purchasable","15":"product-type-simple"},"_links":{"self":[{"href":"https:\/\/npschmuckwerk.de\/en\/wp-json\/wp\/v2\/product\/1122","targetHints":{"allow":["GET"]}}],"collection":[{"href":"https:\/\/npschmuckwerk.de\/en\/wp-json\/wp\/v2\/product"}],"about":[{"href":"https:\/\/npschmuckwerk.de\/en\/wp-json\/wp\/v2\/types\/product"}],"replies":[{"embeddable":true,"href":"https:\/\/npschmuckwerk.de\/en\/wp-json\/wp\/v2\/comments?post=1122"}],"wp:featuredmedia":[{"embeddable":true,"href":"https:\/\/npschmuckwerk.de\/en\/wp-json\/wp\/v2\/media\/854"}],"wp:attachment":[{"href":"https:\/\/npschmuckwerk.de\/en\/wp-json\/wp\/v2\/media?parent=1122"}],"wp:term":[{"taxonomy":"product_brand","embeddable":true,"href":"https:\/\/npschmuckwerk.de\/en\/wp-json\/wp\/v2\/product_brand?post=1122"},{"taxonomy":"product_cat","embeddable":true,"href":"https:\/\/npschmuckwerk.de\/en\/wp-json\/wp\/v2\/product_cat?post=1122"},{"taxonomy":"product_tag","embeddable":true,"href":"https:\/\/npschmuckwerk.de\/en\/wp-json\/wp\/v2\/product_tag?post=1122"}],"curies":[{"name":"wp","href":"https:\/\/api.w.org\/{rel}","templated":true}]}}