{"id":2069,"date":"2025-07-08T17:03:10","date_gmt":"2025-07-08T17:03:10","guid":{"rendered":"https:\/\/npschmuckwerk.de\/agb\/"},"modified":"2025-07-27T16:34:50","modified_gmt":"2025-07-27T16:34:50","slug":"agb","status":"publish","type":"page","link":"https:\/\/npschmuckwerk.de\/en\/agb\/","title":{"rendered":"AGB"},"content":{"rendered":"<div data-elementor-type=\"wp-page\" data-elementor-id=\"2069\" class=\"elementor elementor-2069\" data-elementor-post-type=\"page\">\n\t\t\t\t<div class=\"elementor-element elementor-element-310d47d e-con-full e-flex e-con e-parent\" data-id=\"310d47d\" data-element_type=\"container\" data-e-type=\"container\" data-settings=\"{&quot;background_background&quot;:&quot;classic&quot;}\">\n\t\t\t\t<div class=\"elementor-element elementor-element-9071fb8 elementor-widget elementor-widget-heading\" data-id=\"9071fb8\" data-element_type=\"widget\" data-e-type=\"widget\" data-widget_type=\"heading.default\">\n\t\t\t\t\t<h2 class=\"elementor-heading-title elementor-size-default\">AGB<\/h2>\t\t\t\t<\/div>\n\t\t\t\t<div class=\"elementor-element elementor-element-b72b8a7 elementor-widget__width-inherit elementor-widget elementor-widget-text-editor\" data-id=\"b72b8a7\" data-element_type=\"widget\" data-e-type=\"widget\" data-widget_type=\"text-editor.default\">\n\t\t\t\t\t\t\t\t\t<p>Allgemeine Gesch\u00e4ftsbedingungen (AGB)<br \/>Stand: 27. Juli 2025<\/p><p>NP Schmuckwerk \u2013 Nina Prager<br \/>Kolpingstra\u00dfe 1a<br \/>42551 Velbert, Deutschland<br \/>E-Mail: shop@npschmuckwerk.de<br \/>Telefon: +49 (0) 2051 80 52 202<br \/>Website: www.npschmuckwerk.de<\/p><p>\u00a7 1 Geltungsbereich und Begriffe<br \/>(1) Diese Allgemeinen Gesch\u00e4ftsbedingungen gelten f\u00fcr alle Vertr\u00e4ge \u00fcber den Kauf von Waren, die Verbraucher oder Unternehmer \u00fcber den Online-Shop unter www.npschmuckwerk.de mit uns schlie\u00dfen. Abweichende Bedingungen des Kunden finden keine Anwendung, au\u00dfer wir stimmen ihrer Geltung ausdr\u00fccklich zu.<br \/>(2) Verbraucher ist jede nat\u00fcrliche Person, die ein Rechtsgesch\u00e4ft zu Zwecken abschlie\u00dft, die \u00fcberwiegend weder ihrer gewerblichen noch ihrer selbstst\u00e4ndigen beruflichen T\u00e4tigkeit zugerechnet werden k\u00f6nnen. Unternehmer ist jede nat\u00fcrliche oder juristische Person oder rechtsf\u00e4hige Personengesellschaft, die beim Abschluss des Rechtsgesch\u00e4fts in Aus\u00fcbung ihrer gewerblichen oder selbstst\u00e4ndigen beruflichen T\u00e4tigkeit handelt.<\/p><p>\u00a7 2 Vertragspartner, Kontakt<br \/>Vertragspartner ist Nina Prager, NP Schmuckwerk, Kolpingstra\u00dfe 1a, 42551 Velbert, Deutschland. Weitere Kontaktdaten siehe oben sowie im Impressum des Online-Shops.<\/p><p>\u00a7 3 Vertragsschluss<br \/>(1) Die Darstellung der Produkte im Online-Shop stellt kein rechtlich bindendes Angebot dar, sondern eine Aufforderung zur Abgabe einer Bestellung.<br \/>(2) Der Kunde kann Produkte in den Warenkorb legen und die Eingaben vor Absenden der verbindlichen Bestellung jederzeit korrigieren. Mit Anklicken des Buttons \u201eJetzt kaufen\u201c gibt der Kunde ein verbindliches Angebot ab. Der Vertrag kommt zustande, wenn wir die Bestellung durch eine Bestellbest\u00e4tigung per E-Mail annehmen. Erfolgt keine Annahmebest\u00e4tigung, kommt der Vertrag sp\u00e4testens mit Lieferung der Ware zustande.<br \/>(3) Nach Abgabe der Bestellung erh\u00e4lt der Kunde eine automatisierte Eingangsbest\u00e4tigung. Diese stellt noch keine Annahme des Angebots dar. Die Vertragsabwicklung erfolgt per E-Mail; der Kunde hat sicherzustellen, dass die von ihm hinterlegte E-Mail-Adresse erreichbar ist.<\/p><p>\u00a7 4 Preise, Versandkosten<br \/>(1) Alle Preise sind Endpreise in Euro und enthalten die gesetzliche Mehrwertsteuer.<br \/>(2) Zus\u00e4tzlich anfallende Versandkosten werden im Bestellprozess deutlich ausgewiesen. Bei Lieferungen au\u00dferhalb der Europ\u00e4ischen Union k\u00f6nnen weitere Z\u00f6lle, Steuern und Geb\u00fchren anfallen, die vom Kunden zu tragen sind.<\/p><p>\u00a7 5 Zahlungsarten und F\u00e4lligkeit<br \/>(1) Die im Shop verf\u00fcgbaren Zahlungsarten werden im Bestellprozess angezeigt, derzeit insbesondere Vorkasse\/\u00dcberweisung, PayPal und Kreditkarte. Wir behalten uns vor, die Verf\u00fcgbarkeit einzelner Zahlarten abh\u00e4ngig von Bestellwert, Warenkorb, Bonit\u00e4t oder Versandziel zu beschr\u00e4nken.<br \/>(2) Soweit nicht anders angegeben, sind Forderungen aus dem Vertrag sofort f\u00e4llig. Bei Zahlung per Vorkasse versenden wir nach Zahlungseingang.<\/p><p>\u00a7 6 Lieferung, Teillieferungen, Gefahr\u00fcbergang<br \/>(1) Die Lieferung erfolgt an die vom Kunden angegebene Lieferadresse innerhalb des im Angebot ausgewiesenen Lieferzeitraums. Teillieferungen sind zul\u00e4ssig, soweit sie dem Kunden zumutbar sind; zus\u00e4tzliche Versandkosten entstehen dadurch nicht.<br \/>(2) Bei Verbrauchern geht die Gefahr des zuf\u00e4lligen Untergangs und der zuf\u00e4lligen Verschlechterung der verkauften Sache erst mit \u00dcbergabe der Ware auf den Verbraucher \u00fcber, unabh\u00e4ngig von der Versandart. Bei Unternehmern geht die Gefahr mit \u00dcbergabe an das Transportunternehmen \u00fcber.<\/p><p>\u00a7 7 Zur\u00fcckbehaltungsrecht, Eigentumsvorbehalt<br \/>(1) Ein Zur\u00fcckbehaltungsrecht kann der Kunde nur aus demselben Vertragsverh\u00e4ltnis herleiten.<br \/>(2) Die Ware bleibt bis zur vollst\u00e4ndigen Zahlung unser Eigentum. Gegen\u00fcber Unternehmern behalten wir uns das Eigentum an s\u00e4mtlichen gelieferten Waren bis zur vollst\u00e4ndigen Begleichung aller Forderungen aus der laufenden Gesch\u00e4ftsbeziehung vor. Eine Verpf\u00e4ndung oder Sicherungs\u00fcbereignung vor Eigentums\u00fcbergang ist unzul\u00e4ssig. Der Unternehmer ist zum Weiterverkauf im ordentlichen Gesch\u00e4ftsgang berechtigt; Forderungen aus dem Weiterverkauf tritt er in H\u00f6he des Rechnungsbetrages bereits jetzt an uns ab. Wir nehmen die Abtretung an.<\/p><p>\u00a7 8 Widerrufsrecht f\u00fcr Verbraucher<br \/>Es gilt die folgende Widerrufsbelehrung einschlie\u00dflich Muster-Widerrufsformular. Diese orientiert sich an der gesetzlichen Musterbelehrung der Anlage 1 zu Art. 246a \u00a7 1 Abs. 2 Satz 2 EGBGB. Abweichend zugunsten des Kunden tragen wir die Kosten der R\u00fccksendung.<\/p><p>Widerrufsbelehrung \u2013 Widerrufsrecht<br \/>Sie haben das Recht, binnen vierzehn Tagen ohne Angabe von Gr\u00fcnden diesen Vertrag zu widerrufen. Die Widerrufsfrist betr\u00e4gt vierzehn Tage ab dem Tag,<br \/>a) an dem Sie oder ein von Ihnen benannter Dritter, der nicht der Bef\u00f6rderer ist, die Waren in Besitz genommen haben, sofern Sie eine oder mehrere Waren im Rahmen einer einheitlichen Bestellung bestellt haben und diese einheitlich geliefert werden, oder<br \/>b) an dem Sie oder ein von Ihnen benannter Dritter, der nicht der Bef\u00f6rderer ist, die letzte Ware in Besitz genommen haben, sofern Sie mehrere Waren im Rahmen einer einheitlichen Bestellung bestellt haben und diese getrennt geliefert werden, oder<br \/>c) an dem Sie oder ein von Ihnen benannter Dritter, der nicht der Bef\u00f6rderer ist, die letzte Teilsendung oder das letzte St\u00fcck in Besitz genommen haben, sofern Sie eine Ware bestellt haben, die in mehreren Teilsendungen oder St\u00fccken geliefert wird, oder<br \/>d) an dem Sie oder ein von Ihnen benannter Dritter, der nicht der Bef\u00f6rderer ist, die erste Ware in Besitz genommen haben, sofern Sie einen Vertrag zur regelm\u00e4\u00dfigen Lieferung von Waren \u00fcber einen festgelegten Zeitraum hinweg geschlossen haben.<br \/>Um Ihr Widerrufsrecht auszu\u00fcben, m\u00fcssen Sie uns, NP Schmuckwerk, Nina Prager, Kolpingstra\u00dfe 1a, 42551 Velbert, Deutschland, Telefon +49 (0) 2051 80 52 202, E-Mail shop@npschmuckwerk.de, mittels einer eindeutigen Erkl\u00e4rung (z. B. per Brief oder E-Mail) \u00fcber Ihren Entschluss informieren, diesen Vertrag zu widerrufen. Sie k\u00f6nnen das beigef\u00fcgte Muster-Widerrufsformular verwenden, das jedoch nicht vorgeschrieben ist. Sie k\u00f6nnen das Muster-Widerrufsformular oder eine andere eindeutige Erkl\u00e4rung auch auf unserer Website www.npschmuckwerk.de\/widerrufsbelehrung\/ elektronisch ausf\u00fcllen und \u00fcbermitteln. Machen Sie hiervon Gebrauch, best\u00e4tigen wir Ihnen den Eingang eines solchen Widerrufs unverz\u00fcglich, z. B. per E-Mail. Zur Wahrung der Frist gen\u00fcgt die rechtzeitige Absendung des Widerrufs.<\/p><p>Folgen des Widerrufs<br \/>Wenn Sie diesen Vertrag widerrufen, erstatten wir Ihnen alle Zahlungen, die wir von Ihnen erhalten haben, einschlie\u00dflich der Lieferkosten, ausgenommen Zusatzkosten, die sich daraus ergeben, dass Sie eine andere Art der Lieferung als die von uns angebotene g\u00fcnstigste Standardlieferung gew\u00e4hlt haben. Die Erstattung erfolgt unverz\u00fcglich und sp\u00e4testens binnen vierzehn Tagen ab dem Tag, an dem die Mitteilung \u00fcber Ihren Widerruf bei uns eingegangen ist. Wir verwenden dasselbe Zahlungsmittel, das Sie bei der urspr\u00fcnglichen Transaktion eingesetzt haben, es sei denn, mit Ihnen wurde ausdr\u00fccklich etwas anderes vereinbart; Entgelte werden nicht berechnet. Wir k\u00f6nnen die R\u00fcckzahlung verweigern, bis wir die Waren wieder erhalten haben oder bis Sie den Nachweis erbracht haben, dass Sie die Waren abgesandt haben, je nachdem, welches der fr\u00fchere Zeitpunkt ist.<\/p><p>R\u00fccksendung der Waren<br \/>Sie haben die Waren unverz\u00fcglich und in jedem Fall sp\u00e4testens binnen vierzehn Tagen ab dem Tag, an dem Sie uns \u00fcber den Widerruf unterrichten, an uns zur\u00fcckzusenden oder zu \u00fcbergeben. Die Frist ist gewahrt, wenn Sie die Waren vor Ablauf der Frist absenden. Wir tragen die Kosten der R\u00fccksendung der Waren.<\/p><p>Wertersatz<br \/>Sie m\u00fcssen f\u00fcr einen etwaigen Wertverlust der Waren nur aufkommen, wenn der Wertverlust auf einen zur Pr\u00fcfung der Beschaffenheit, Eigenschaften und Funktionsweise der Waren nicht notwendigen Umgang mit ihnen zur\u00fcckzuf\u00fchren ist.<\/p><p>Ausschluss des Widerrufsrechts<br \/>Das Widerrufsrecht besteht, soweit die Parteien nichts anderes vereinbart haben, nicht bei Vertr\u00e4gen zur Lieferung von Waren, die nicht vorgefertigt sind und f\u00fcr deren Herstellung eine individuelle Auswahl oder Bestimmung durch den Verbraucher ma\u00dfgeblich ist oder die eindeutig auf die pers\u00f6nlichen Bed\u00fcrfnisse des Verbrauchers zugeschnitten sind. Dies betrifft insbesondere individuell angefertigten oder gravierten Schmuck.<\/p><p>Muster-Widerrufsformular<br \/>Wenn Sie den Vertrag widerrufen wollen, f\u00fcllen Sie bitte dieses Formular aus und senden Sie es zur\u00fcck an NP Schmuckwerk, Nina Prager, Kolpingstra\u00dfe 1a, 42551 Velbert, Deutschland, E-Mail shop@npschmuckwerk.de.<br \/>Hiermit widerrufe(n) ich\/wir den von mir\/uns abgeschlossenen Vertrag \u00fcber den Kauf der folgenden Waren<br \/>Bestellt am \u2026 \/ erhalten am \u2026<br \/>Name des\/der Verbraucher(s)<br \/>Anschrift des\/der Verbraucher(s)<br \/>Unterschrift des\/der Verbraucher(s) (nur bei Mitteilung auf Papier)<br \/>Datum<br \/>(*) Unzutreffendes streichen.<\/p><p>\u00a7 9 Gew\u00e4hrleistung<br \/>(1) Es gelten die gesetzlichen M\u00e4ngelhaftungsrechte. Abweichungen von den objektiven Anforderungen an die Ware sind nur wirksam vereinbart, wenn sie vor Vertragsschluss ausdr\u00fccklich und gesondert mitgeteilt und vereinbart wurden.<br \/>(2) Verbraucherrechte nach \u00a7\u00a7 434 ff. BGB bleiben unber\u00fchrt.<br \/>(3) Gegen\u00fcber Unternehmern gilt:<br \/>a) Als Beschaffenheit der Ware gelten nur unsere eigenen Angaben und die Produktbeschreibung des Herstellers; \u00f6ffentliche \u00c4u\u00dferungen sind nicht Vertragsinhalt.<br \/>b) Wir leisten nach unserer Wahl Nacherf\u00fcllung durch Nachbesserung oder Ersatzlieferung.<br \/>c) Schl\u00e4gt die Nacherf\u00fcllung nach zweimaligem Versuch fehl, kann der Unternehmer mindern oder zur\u00fccktreten.<br \/>d) Anspr\u00fcche wegen M\u00e4ngeln verj\u00e4hren in zw\u00f6lf Monaten ab Ablieferung der Ware; ausgenommen sind Anspr\u00fcche wegen Verletzung von Leben, K\u00f6rper, Gesundheit, bei Vorsatz oder grober Fahrl\u00e4ssigkeit, bei arglistigem Verschweigen, bei Garantien sowie bei R\u00fcckgriffsanspr\u00fcchen nach \u00a7 445a BGB und bei Bauwerksbezug.<br \/>(4) Bei der Nacherf\u00fcllung \u00fcbernehmen wir die nach dem Gesetz erforderlichen Aufwendungen. Eine starre Festlegung des Erf\u00fcllungsortes zu unseren Gunsten erfolgt nicht; zwingende Verbraucherrechte aus \u00a7 439 BGB bleiben gewahrt.<\/p><p>\u00a7 10 Haftung<br \/>(1) Wir haften unbeschr\u00e4nkt f\u00fcr Sch\u00e4den aus Verletzung des Lebens, des K\u00f6rpers oder der Gesundheit, die auf einer vors\u00e4tzlichen oder fahrl\u00e4ssigen Pflichtverletzung beruhen, sowie f\u00fcr Sch\u00e4den, die durch Vorsatz oder grobe Fahrl\u00e4ssigkeit verursacht wurden, einschlie\u00dflich von Vertretern und Erf\u00fcllungsgehilfen.<br \/>(2) Bei einfach fahrl\u00e4ssiger Verletzung wesentlicher Vertragspflichten haften wir begrenzt auf den vertragstypischen, vorhersehbaren Schaden. Wesentliche Vertragspflichten sind solche, deren Erf\u00fcllung die ordnungsgem\u00e4\u00dfe Durchf\u00fchrung des Vertrags \u00fcberhaupt erst erm\u00f6glicht und auf deren Einhaltung der Kunde regelm\u00e4\u00dfig vertrauen darf. Im \u00dcbrigen ist die Haftung ausgeschlossen. Die Vorschriften des Produkthaftungsgesetzes bleiben unber\u00fchrt.<\/p><p>\u00a7 11 Herstellergarantien<br \/>Soweit bei einzelnen Produkten eine Herstellergarantie besteht, ergeben sich deren Bedingungen aus der Garantieerkl\u00e4rung des Herstellers, die der Ware beiliegt oder online abrufbar ist. Gesetzliche Gew\u00e4hrleistungsrechte bleiben hiervon unber\u00fchrt.<\/p><p>\u00a7 12 Verbraucherstreitbeilegung (\u00a7 36 VSBG)<br \/>Wir sind nicht bereit und nicht verpflichtet, an Streitbeilegungsverfahren vor einer Verbraucherschlichtungsstelle teilzunehmen. Dieser Hinweis erfolgt gem\u00e4\u00df \u00a7 36 VSBG und ist auf der Website sowie zusammen mit diesen AGB wiedergegeben.<\/p><p>\u00a7 13 Vertragssprache, Vertragstextspeicherung<br \/>(1) Vertragssprache ist Deutsch.<br \/>(2) Der vollst\u00e4ndige Vertragstext wird von uns nicht gespeichert. Vor Absenden der Bestellung k\u00f6nnen die Vertragsdaten \u00fcber die Druckfunktion des Browsers gesichert werden. Nach Eingang der Bestellung \u00fcbersenden wir dem Kunden die Bestelldaten, die gesetzlich vorgeschriebenen Informationen bei Fernabsatzvertr\u00e4gen sowie diese AGB per E-Mail.<\/p><p>\u00a7 14 Rechtswahl, Gerichtsstand<br \/>(1) Es gilt das Recht der Bundesrepublik Deutschland unter Ausschluss des UN-Kaufrechts. Bei Verbrauchern gilt diese Rechtswahl nur, soweit dadurch der gew\u00e4hrte Schutz zwingender Bestimmungen des Rechts des Staates des gew\u00f6hnlichen Aufenthalts des Verbrauchers nicht entzogen wird.<br \/>(2) Ist der Kunde Kaufmann, juristische Person des \u00f6ffentlichen Rechts oder \u00f6ffentlich-rechtliches Sonderverm\u00f6gen, ist ausschlie\u00dflicher Gerichtsstand f\u00fcr alle Streitigkeiten aus Vertragsverh\u00e4ltnissen zwischen dem Kunden und uns unser Gesch\u00e4ftssitz.<\/p><p>\u00a7 15 Urheberrechte, Produktabbildungen<br \/>An allen auf der Website ver\u00f6ffentlichten Inhalten, insbesondere Bildern, Texten, Designs und Entw\u00fcrfen, bestehen Urheber- oder sonstige Schutzrechte. Eine Nutzung \u00fcber den vertragsgem\u00e4\u00dfen Erwerb hinaus ist ohne unsere Zustimmung nicht gestattet.<\/p><p>\u00a7 16 Schlussbestimmungen<br \/>Sollten einzelne Bestimmungen dieser AGB ganz oder teilweise unwirksam sein oder werden, bleibt die Wirksamkeit der \u00fcbrigen Bestimmungen unber\u00fchrt. Anstelle der unwirksamen Bestimmung treten die gesetzlichen Vorschriften.<\/p>\t\t\t\t\t\t\t\t<\/div>\n\t\t<div class=\"elementor-element elementor-element-6589f80 e-con-full e-flex e-con e-child\" data-id=\"6589f80\" data-element_type=\"container\" data-e-type=\"container\">\n\t\t\t\t<\/div>\n\t\t\t\t<\/div>\n\t\t\t\t<\/div>","protected":false},"excerpt":{"rendered":"<p>AGB Allgemeine Gesch\u00e4ftsbedingungen (AGB)Stand: 27. Juli 2025 NP Schmuckwerk \u2013 Nina PragerKolpingstra\u00dfe 1a42551 Velbert, DeutschlandE-Mail: shop@npschmuckwerk.deTelefon: +49 (0) 2051 80 52 202Website: www.npschmuckwerk.de \u00a7 1 Geltungsbereich und Begriffe(1) Diese Allgemeinen Gesch\u00e4ftsbedingungen gelten f\u00fcr alle Vertr\u00e4ge \u00fcber den Kauf von Waren, die Verbraucher oder Unternehmer \u00fcber den Online-Shop unter www.npschmuckwerk.de mit uns schlie\u00dfen. Abweichende Bedingungen des [&hellip;]<\/p>\n","protected":false},"author":1,"featured_media":0,"parent":0,"menu_order":0,"comment_status":"closed","ping_status":"closed","template":"elementor_header_footer","meta":{"footnotes":""},"class_list":["post-2069","page","type-page","status-publish","hentry"],"_links":{"self":[{"href":"https:\/\/npschmuckwerk.de\/en\/wp-json\/wp\/v2\/pages\/2069","targetHints":{"allow":["GET"]}}],"collection":[{"href":"https:\/\/npschmuckwerk.de\/en\/wp-json\/wp\/v2\/pages"}],"about":[{"href":"https:\/\/npschmuckwerk.de\/en\/wp-json\/wp\/v2\/types\/page"}],"author":[{"embeddable":true,"href":"https:\/\/npschmuckwerk.de\/en\/wp-json\/wp\/v2\/users\/1"}],"replies":[{"embeddable":true,"href":"https:\/\/npschmuckwerk.de\/en\/wp-json\/wp\/v2\/comments?post=2069"}],"version-history":[{"count":0,"href":"https:\/\/npschmuckwerk.de\/en\/wp-json\/wp\/v2\/pages\/2069\/revisions"}],"wp:attachment":[{"href":"https:\/\/npschmuckwerk.de\/en\/wp-json\/wp\/v2\/media?parent=2069"}],"curies":[{"name":"wp","href":"https:\/\/api.w.org\/{rel}","templated":true}]}}